{"id":64,"date":"2018-10-02T13:29:01","date_gmt":"2018-10-02T11:29:01","guid":{"rendered":"https:\/\/ubuntu-coaching.com\/?page_id=64"},"modified":"2018-10-19T09:38:26","modified_gmt":"2018-10-19T07:38:26","slug":"formation","status":"publish","type":"page","link":"https:\/\/ubuntu-coaching.com\/index.php\/formation\/","title":{"rendered":"Formation"},"content":{"rendered":"<p><u>Fiche 1 : Le Manager Coach<\/u><\/p>\n<p>[show_more more=\u00a0\u00bben savoir plus\u00a0\u00bb less=\u00a0\u00bben voir moins\u00a0\u00bb color=\u00a0\u00bb#0066CC\u00a0\u00bb list=\u00a0\u00bb\u00a0\u00bb align=\u00a0\u00bbleft\u00a0\u00bb size=\u00a0\u00bb100&Prime;]<\/p>\n<p><img loading=\"lazy\" decoding=\"async\" class=\"alignnone wp-image-255\" src=\"https:\/\/ubuntu-coaching.com\/wp-content\/uploads\/2018\/10\/pic-formation1-300x200.jpg\" alt=\"Manager Coach\" width=\"401\" height=\"267\" srcset=\"https:\/\/ubuntu-coaching.com\/wp-content\/uploads\/2018\/10\/pic-formation1-300x200.jpg 300w, https:\/\/ubuntu-coaching.com\/wp-content\/uploads\/2018\/10\/pic-formation1.jpg 750w\" sizes=\"auto, (max-width: 401px) 100vw, 401px\" \/><\/p>\n<p>\u00catre manager n\u00e9cessite une capacit\u00e9 d\u2019adaptation constante \u00e0 son environnement et aux \u00e9volutions de ses \u00e9quipes. Int\u00e9grer des outils de coachs dans vos pratiques manag\u00e9riales vous permettra d\u2019\u00e9tendre vos comp\u00e9tences relationnelles et d\u2019accompagner vos collaborateurs dans la conduite de leur autonomie et le d\u00e9veloppement de leur potentiel.<\/p>\n<h2><strong>Les points forts de la formation<\/strong><\/h2>\n<ul>\n<li>S\u2019approprier les r\u00f4les, m\u00e9thodes et comp\u00e9tences du manager coach.<\/li>\n<li>Inclure durablement \u00e0 son management la posture et le savoir-\u00eatre du coach.<\/li>\n<li>Appr\u00e9hender les diff\u00e9rents aspects des fonctions de manager et de coach.<\/li>\n<li>Parfaire son propre potentiel, gagner en aisance et en efficacit\u00e9.<\/li>\n<li>B\u00e2tir un cadre vivifiant, pour une meilleure collaboration et le d\u00e9veloppement du potentiel des salari\u00e9s.<\/li>\n<li>Approuver l\u2019autonomie et la responsabilisation.<\/li>\n<li>\u00c9laborer des actions in\u00e9dites.<\/li>\n<li>Convertir les divergences culturelles et g\u00e9n\u00e9rationnelles en ressources.<\/li>\n<\/ul>\n<p><span style=\"font-size: x-large;\"><b>Programme<\/b><\/span><\/p>\n<p><b>1\/\u00a0Le \u00ab\u00a0feed back\u00a0\u00bb, outil de motivation et de performance<\/b><\/p>\n<ul>\n<li>\u00c9veiller la prise de conscience de changements n\u00e9cessaires.<\/li>\n<li>Identifier une situation inad\u00e9quate et son am\u00e9lioration souhait\u00e9e.<\/li>\n<\/ul>\n<p><b>2\/ Le kit d\u2019urgence \u00ab\u00a0RPBDC\u00a0\u00bb<\/b><\/p>\n<ul>\n<li>Clarifier la situation du collaborateur et poser le cadre\u00a0:<br \/>\nd\u00e9finir le R\u00e9el, cerner le Probl\u00e8me, identifier le Besoin.<\/li>\n<li>Apaiser la relation\u00a0:<br \/>\nd\u00e9finir la Demande et le r\u00e9sultat attendu et Contractualiser la relation.<\/li>\n<\/ul>\n<p><b>3\/\u00a0Les m\u00e9thodes d\u2019\u00e9coute et de reformulation essentielles \u00e0 la r\u00e9ussite de l\u2019accompagnement<\/b><\/p>\n<ul>\n<li>Mener les entretiens d\u2019accompagnement avec efficacit\u00e9.<\/li>\n<li>Am\u00e9liorer sa pratique des fondamentaux relationnels.<\/li>\n<\/ul>\n<p><b>4\/\u00a0Le projet professionnel individuel<\/b><\/p>\n<ul>\n<li>Clarifier les valeurs et les aspirations du collaborateur.<\/li>\n<li>Reconna\u00eetre l\u2019int\u00e9r\u00eat et la place des \u00e9motions.<\/li>\n<\/ul>\n<p><b>5\/\u00a0Le processus d\u2019accompagnement du changement<\/b><\/p>\n<ul>\n<li>Pratiquer le recadrage op\u00e9rationnel.<\/li>\n<li>Faire face aux r\u00e9sistances et inciter \u00e0 l\u2019action.<\/li>\n<\/ul>\n<p><span style=\"color: #e4007d;\"><b>Une p\u00e9dagogie active et pragmatique, bas\u00e9e sur l\u2019entra\u00eenement et l\u2019exp\u00e9rimentation<img loading=\"lazy\" decoding=\"async\" class=\"alignnone wp-image-279\" src=\"https:\/\/ubuntu-coaching.com\/wp-content\/uploads\/2018\/10\/picto-color.png\" alt=\"Ubuntu Coaching\" width=\"30\" height=\"28\" \/><\/b><\/span><\/p>\n<p>[\/show_more]<\/p>\n<p>&nbsp;<\/p>\n<p><u>Fiche 2 : \u00c9couter pour mieux communiquer<\/u><\/p>\n<p>[show_more more=\u00a0\u00bben savoir plus\u00a0\u00bb less=\u00a0\u00bben voir moins\u00a0\u00bb color=\u00a0\u00bb#0066CC\u00a0\u00bb list=\u00a0\u00bb\u00a0\u00bb align=\u00a0\u00bbleft\u00a0\u00bb size=\u00a0\u00bb100&Prime;]<\/p>\n<p><img loading=\"lazy\" decoding=\"async\" class=\"alignnone wp-image-267\" src=\"https:\/\/ubuntu-coaching.com\/wp-content\/uploads\/2018\/10\/pic-formation2-300x262.png\" alt=\"mieux communiquer\" width=\"400\" height=\"350\" srcset=\"https:\/\/ubuntu-coaching.com\/wp-content\/uploads\/2018\/10\/pic-formation2-300x262.png 300w, https:\/\/ubuntu-coaching.com\/wp-content\/uploads\/2018\/10\/pic-formation2.png 357w\" sizes=\"auto, (max-width: 400px) 100vw, 400px\" \/><\/p>\n<p><b>M\u00e9thode p\u00e9dagogique active et participative<\/b><\/p>\n<ul>\n<li>Expos\u00e9s th\u00e9oriques<\/li>\n<li>Autodiagnostics<\/li>\n<li>Tests<\/li>\n<li>\u00c9tudes de cas<\/li>\n<li>Jeux de r\u00f4les<\/li>\n<li>Exercices pratiques<\/li>\n<\/ul>\n<h2><strong>Objectifs<\/strong><\/h2>\n<ul>\n<li>\u00c9valuer son mode d\u2019\u00e9coute habituel et les effets induits sur les autres<\/li>\n<li>Rep\u00e9rer les obstacles et les atouts d\u2019une \u00e9coute de qualit\u00e9<\/li>\n<li>D\u00e9velopper son ouverture relationnelle<\/li>\n<li>S\u2019approprier une attitude favorisant le dialogue<\/li>\n<li>Mieux \u00e9couter pour mieux r\u00e9pondre et se faire comprendre<\/li>\n<li>Acqu\u00e9rir les techniques de l\u00a0\u00bb\u00e9coute active\u00a0\u00bb<\/li>\n<\/ul>\n<p><span style=\"font-size: x-large;\"><b>Programme<\/b><\/span><\/p>\n<ul>\n<li><strong>\u00c9tat des lieux<\/strong><\/li>\n<\/ul>\n<p>\u2013 Auto diagnostic<br \/>\n\u2013 Les freins \u00e0 l\u2019\u00e9coute<br \/>\n\u2013 R\u00e9partie et r\u00e9futation<\/p>\n<ul>\n<li><strong>Les atouts pour une \u00e9coute active<\/strong><\/li>\n<\/ul>\n<p>\u2013 Quels atouts ?<br \/>\n\u2013 Quel positionnement ?<br \/>\n\u2013 Les diff\u00e9rents canaux de communication<br \/>\n\u2013 La communication non verbale<br \/>\n\u2013 Se pr\u00e9parer \u00e0 une rencontre<br \/>\n\u2013 L\u2019\u00e9coute empathique<br \/>\n\u2013 Le discours appropri\u00e9<br \/>\n\u2013 \u00c9viter le conflit<\/p>\n<ul>\n<li><strong>Les techniques de l\u2019\u00e9coute active<\/strong><\/li>\n<\/ul>\n<p>\u2013 \u00c9tudes de cas<br \/>\n\u2013 \u00c9coute active de Porter<br \/>\n\u2013 Communication et \u00e9motion<br \/>\n\u2013 La reformulation<br \/>\n\u2013 Techniques de questionnement<br \/>\n\u2013 Traiter les objections<\/p>\n<ul>\n<li><strong>L&rsquo;\u00e9coute dans les groupes de travail<\/strong><\/li>\n<\/ul>\n<p>\u2013 Test d\u2019\u00e9valuation du niveau de participation dans un groupe<br \/>\n\u2013 Quelles difficult\u00e9s rencontr\u00e9es en g\u00e9n\u00e9ral<br \/>\n\u2013 Exercices et pratique<\/p>\n<p>[\/show_more]<\/p>\n<p>&nbsp;<\/p>\n<p><u>Fiche 3 : La gestion des relations conflictuelles<\/u><\/p>\n<p>[show_more more=\u00a0\u00bben savoir plus\u00a0\u00bb less=\u00a0\u00bben voir moins\u00a0\u00bb color=\u00a0\u00bb#0066CC\u00a0\u00bb list=\u00a0\u00bb\u00a0\u00bb align=\u00a0\u00bbleft\u00a0\u00bb size=\u00a0\u00bb100&Prime;]<\/p>\n<p><img loading=\"lazy\" decoding=\"async\" class=\"alignnone wp-image-420\" src=\"https:\/\/ubuntu-coaching.com\/wp-content\/uploads\/2018\/10\/pic-formation3-2.png\" alt=\"formation relations conflictuelles\" width=\"250\" height=\"250\" srcset=\"https:\/\/ubuntu-coaching.com\/wp-content\/uploads\/2018\/10\/pic-formation3-2.png 165w, https:\/\/ubuntu-coaching.com\/wp-content\/uploads\/2018\/10\/pic-formation3-2-150x150.png 150w, https:\/\/ubuntu-coaching.com\/wp-content\/uploads\/2018\/10\/pic-formation3-2-100x100.png 100w\" sizes=\"auto, (max-width: 250px) 100vw, 250px\" \/><\/p>\n<h2><strong>B\u00e9n\u00e9fices<\/strong><\/h2>\n<ul>\n<li>Identifier les diff\u00e9rents types de conflits<\/li>\n<li>Comprendre sa position personnelle face au conflit<\/li>\n<li>Conna\u00eetre des outils de questionnement pour mieux comprendre ce que veut exprimer l\u2019autre<\/li>\n<li>Conna\u00eetre les facteurs g\u00e9n\u00e9rateurs de conflit<\/li>\n<li>Conna\u00eetre des m\u00e9thodes de r\u00e9solution de conflit<\/li>\n<\/ul>\n<p><span style=\"font-size: x-large;\"><b>Programme<\/b><\/span><\/p>\n<ul>\n<li><strong>Tour des \u00e9motions<\/strong><\/li>\n<\/ul>\n<p>\u2013 D\u00e9finition<br \/>\n\u2013 Les \u00e9motions de base<br \/>\n\u2013 Les r\u00e9ponses adapt\u00e9es<br \/>\n\u2013 \u00c9motions et besoins quel lien ?<\/p>\n<ul>\n<li><strong>Affirmation de soi \u2013 L\u2019assertivit\u00e9<\/strong><\/li>\n<\/ul>\n<p>\u2013 Les comportements assertifs<br \/>\n\u2013 L\u2019utilit\u00e9 de l\u2019assertivit\u00e9<br \/>\n\u2013 S\u2019exprimer de fa\u00e7on assertive<br \/>\n\u2013 Les comportements non assertifs<br \/>\n\u2013 Les 8 \u00e9tapes de la communication assertive<\/p>\n<ul>\n<li><strong>R\u00e9agir face \u00e0 l\u2019agressivit\u00e9<\/strong><\/li>\n<\/ul>\n<p>\u2013 Caract\u00e9ristiques de l\u2019agressivit\u00e9<br \/>\n\u2013 Les 6 recommandations face \u00e0 l\u2019agressivit\u00e9<br \/>\n\u2013 Transformer l\u2019agressivit\u00e9<br \/>\n\u2013 La bonne conduite face \u00e0 l\u2019agressivit\u00e9<\/p>\n<ul>\n<li><strong>Communication et messages<\/strong><\/li>\n<\/ul>\n<p>\u2013 Les 7 r\u00e8gles d\u2019or de la communication<br \/>\n\u2013 Principe fondamental de la communication<br \/>\n\u2013 Chemin du message et filtres<br \/>\n\u2013 Construire un message<\/p>\n<ul>\n<li><strong>Les conflits et leur r\u00e9solution<\/strong><\/li>\n<\/ul>\n<p>\u2013 Diff\u00e9rence entre probl\u00e8me et conflit<br \/>\n\u2013 Les conflits : types et formes<br \/>\n\u2013 Comment r\u00e9soudre un conflit<br \/>\n\u2013 Les styles de la gestion de conflit<\/p>\n<p>[\/show_more]<\/p>\n<p>&nbsp;<\/p>\n<p><u>Fiche 4 : Comprendre comment les hommes s\u2019organisent et pourquoi ils changent<\/u><\/p>\n<p>[show_more more=\u00a0\u00bben savoir plus\u00a0\u00bb less=\u00a0\u00bben voir moins\u00a0\u00bb color=\u00a0\u00bb#0066CC\u00a0\u00bb list=\u00a0\u00bb\u00a0\u00bb align=\u00a0\u00bbleft\u00a0\u00bb size=\u00a0\u00bb100&Prime;]<\/p>\n<p><em>\u00ab\u00a0\u00c0 chaque \u00e9tape de l\u2019existence humaine, l\u2019\u00eatre humain adulte avance dans sa qu\u00eate du Saint Graal, de la mani\u00e8re de vivre tel qu\u2019il le souhaiterait. \u00c0 chaque niveau de sa qu\u00eate, il croit avoir trouv\u00e9 la r\u00e9ponse aux probl\u00e8mes de l\u2019existence. Pourtant, \u00e0 sa grande surprise, il est constern\u00e9 de d\u00e9couvrir que la solution n\u2019est pas celle qu\u2019il avait trouv\u00e9e. Chaque niveau le laisse d\u00e9concert\u00e9 et perplexe. C\u2019est tout simplement qu\u2019\u00e0 chaque fois qu\u2019il a r\u00e9solu un groupe de probl\u00e8mes, il en trouve un nouveau \u00e0 la place. Sa qu\u00eate est sans fin.\u00a0\u00bb<\/em><\/p>\n<p><b>Clare W. Graves<\/b><\/p>\n<p><b><span style=\"color: #00a0db;\">P<\/span><span style=\"color: #069cd8;\">a<\/span><span style=\"color: #0c97d6;\">r<\/span> <span style=\"color: #198fd1;\">l<\/span><span style=\"color: #1f8ace;\">\u2019<\/span><span style=\"color: #2586cc;\">a<\/span><span style=\"color: #2b82c9;\">p<\/span><span style=\"color: #317dc7;\">p<\/span><span style=\"color: #3779c4;\">r<\/span><span style=\"color: #3e75c2;\">o<\/span><span style=\"color: #4470bf;\">c<\/span><span style=\"color: #4a6cbd;\">h<\/span><span style=\"color: #5068ba;\">e<\/span> <span style=\"color: #5c5fb5;\">d<\/span><span style=\"color: #635bb2;\">e<\/span> <span style=\"color: #6f52ad;\">l<\/span><span style=\"color: #754eab;\">a<\/span> <span style=\"color: #8145a6;\">s<\/span><span style=\"color: #8841a3;\">p<\/span><span style=\"color: #8e3da1;\">i<\/span><span style=\"color: #94389e;\">r<\/span><span style=\"color: #9a349b;\">a<\/span><span style=\"color: #a03099;\">l<\/span><span style=\"color: #a62b96;\">e<\/span> <span style=\"color: #b32391;\">d<\/span><span style=\"color: #b91e8f;\">y<\/span><span style=\"color: #bf1a8c;\">n<\/span><span style=\"color: #c5168a;\">a<\/span><span style=\"color: #cb1187;\">m<\/span><span style=\"color: #d20d85;\">i<\/span><span style=\"color: #d80982;\">q<\/span><span style=\"color: #de0480;\">u<\/span><span style=\"color: #e4007d;\">e :<\/span><\/b><\/p>\n<p>Quelles sont les valeurs qui inspirent les soci\u00e9t\u00e9s et les personnes ? D\u2019o\u00f9 d\u00e9coulent-elles ? Pourquoi s\u2019affrontent-elles quelquefois ? Quels syst\u00e8mes insolites sont en cours d\u2019apparition ? Pourquoi les \u00e9cartons-nous ou a contrario nous y affilions-nous ?<\/p>\n<p>Au sein d\u2019une humanit\u00e9 o\u00f9 affluent continuellement individus et informations, notre \u00e9closion et nos r\u00e9alisations r\u00e9sultent de plus en plus de notre aptitude \u00e0 appr\u00e9hender les cultures et les syst\u00e8mes de valeur des autres, parents, enfants, coll\u00e8gues, clients, amis, entreprises\u2026<\/p>\n<p>Provenant de plus de trente-cinq ann\u00e9es d\u2019investigations scientifiques, la Spirale Dynamique r\u00e9pond \u00e0 la formulation de ces interrogations.<\/p>\n<p>La Spirale Dynamique offre aux \u00eatres de mieux s\u2019assumer et se supporter dans leur h\u00e9t\u00e9rog\u00e9n\u00e9it\u00e9 et leur \u00e9volution, d\u2019imaginer des d\u00e9nouements en prenant en compte une approche multi-crit\u00e8res des situations, aux familles de mieux discerner et go\u00fbter leurs dissemblances, aux entreprises de manager le changement en \u00e9tendant leur perspective aux valeurs culturelles et personnelles.<\/p>\n<p><b>-Apports :<\/b><\/p>\n<ul>\n<li>Meilleur fonctionnement personnel<\/li>\n<li>Meilleure flexibilit\u00e9 et meilleure communication<\/li>\n<li>Meilleur management et meilleur leadership<\/li>\n<li>Meilleure structuration des organisations<\/li>\n<li>Meilleure gestion du changement<\/li>\n<li>Meilleures relations avec le monde ext\u00e9rieur et meilleure strat\u00e9gie<\/li>\n<\/ul>\n<p>[\/show_more]<\/p>\n","protected":false},"excerpt":{"rendered":"<p>Fiche 1 : Le Manager Coach [show_more more=\u00a0\u00bben savoir plus\u00a0\u00bb less=\u00a0\u00bben voir moins\u00a0\u00bb color=\u00a0\u00bb#0066CC\u00a0\u00bb list=\u00a0\u00bb\u00a0\u00bb align=\u00a0\u00bbleft\u00a0\u00bb size=\u00a0\u00bb100&Prime;] \u00catre manager n\u00e9cessite une capacit\u00e9 d\u2019adaptation constante \u00e0 son environnement et aux \u00e9volutions de ses \u00e9quipes. Int\u00e9grer des outils de coachs dans vos pratiques manag\u00e9riales vous permettra d\u2019\u00e9tendre vos comp\u00e9tences relationnelles et d\u2019accompagner vos collaborateurs dans la conduite &hellip; <\/p>\n<p class=\"link-more\"><a href=\"https:\/\/ubuntu-coaching.com\/index.php\/formation\/\" class=\"more-link\">Continuer la lecture<span class=\"screen-reader-text\"> de &laquo;&nbsp;Formation&nbsp;&raquo;<\/span><\/a><\/p>\n","protected":false},"author":1,"featured_media":0,"parent":0,"menu_order":0,"comment_status":"closed","ping_status":"closed","template":"","meta":{"footnotes":""},"class_list":["post-64","page","type-page","status-publish","hentry"],"_links":{"self":[{"href":"https:\/\/ubuntu-coaching.com\/index.php\/wp-json\/wp\/v2\/pages\/64","targetHints":{"allow":["GET"]}}],"collection":[{"href":"https:\/\/ubuntu-coaching.com\/index.php\/wp-json\/wp\/v2\/pages"}],"about":[{"href":"https:\/\/ubuntu-coaching.com\/index.php\/wp-json\/wp\/v2\/types\/page"}],"author":[{"embeddable":true,"href":"https:\/\/ubuntu-coaching.com\/index.php\/wp-json\/wp\/v2\/users\/1"}],"replies":[{"embeddable":true,"href":"https:\/\/ubuntu-coaching.com\/index.php\/wp-json\/wp\/v2\/comments?post=64"}],"version-history":[{"count":52,"href":"https:\/\/ubuntu-coaching.com\/index.php\/wp-json\/wp\/v2\/pages\/64\/revisions"}],"predecessor-version":[{"id":471,"href":"https:\/\/ubuntu-coaching.com\/index.php\/wp-json\/wp\/v2\/pages\/64\/revisions\/471"}],"wp:attachment":[{"href":"https:\/\/ubuntu-coaching.com\/index.php\/wp-json\/wp\/v2\/media?parent=64"}],"curies":[{"name":"wp","href":"https:\/\/api.w.org\/{rel}","templated":true}]}}