{"id":89,"date":"2018-10-02T14:03:40","date_gmt":"2018-10-02T12:03:40","guid":{"rendered":"https:\/\/ubuntu-coaching.com\/?page_id=89"},"modified":"2018-10-19T09:44:35","modified_gmt":"2018-10-19T07:44:35","slug":"qui-suis-je","status":"publish","type":"page","link":"https:\/\/ubuntu-coaching.com\/index.php\/qui-suis-je\/","title":{"rendered":"Qui suis-je ?"},"content":{"rendered":"<h2><b>Un visage<\/b><\/h2>\n<p><img loading=\"lazy\" decoding=\"async\" class=\"alignnone wp-image-90\" src=\"https:\/\/ubuntu-coaching.com\/wp-content\/uploads\/2018\/10\/pic-quisuisje1-300x225.jpg\" alt=\"B\u00e9n\u00e9dicte Pelletier\" width=\"500\" height=\"375\" srcset=\"https:\/\/ubuntu-coaching.com\/wp-content\/uploads\/2018\/10\/pic-quisuisje1-300x225.jpg 300w, https:\/\/ubuntu-coaching.com\/wp-content\/uploads\/2018\/10\/pic-quisuisje1.jpg 768w\" sizes=\"auto, (max-width: 500px) 100vw, 500px\" \/><\/p>\n<p><strong>Coach\u00a0professionnelle certifi\u00e9e et accr\u00e9dit\u00e9e ICF<\/strong>, mon parcours de vie a pour d\u00e9nominateur commun le facteur humain.<\/p>\n<ul>\n<li>Je suis brevet\u00e9e du Cours Florent. <strong>Le th\u00e9\u00e2tre<\/strong>, que j\u2019ai pratiqu\u00e9 \u00e0 titre professionnel pendant 6 ans et demi, peut \u00eatre un outil pr\u00e9cieux de d\u00e9veloppement personnel. La dimension collective dans laquelle il s\u2019inscrit en fait sa particularit\u00e9. Le mat\u00e9riau de travail est l\u2019Homme lui-m\u00eame\u00a0: ses doutes, ses questionnements, ses aspirations, sa vie en soci\u00e9t\u00e9. Dans certaines mesures, l\u2019alliance du coaching et du th\u00e9\u00e2tre peut faciliter l\u2019exp\u00e9rimentation et l\u2019ancrage des potentialit\u00e9s du coach\u00e9.<\/li>\n<\/ul>\n<ul>\n<li><strong>Manager<\/strong>\u00a0pendant 9 ans dans le secteur banque\/assurance, je me suis centr\u00e9e sur l\u2019humain, le capital le plus pr\u00e9cieux de l\u2019entreprise, et notre \u00e9quipe a perform\u00e9\u00a0! Certaines soci\u00e9t\u00e9s prennent conscience qu\u2019elles ont fait le tour de toutes les m\u00e9thodes de managements, que \u00e7a ne va toujours pas, et qu\u2019elles ont besoin de quelque chose de diff\u00e9rent pour avancer. Ce positionnement s\u2019apprend, et je me suis fait une joie d\u2019 accompagner mes \u00e9quipes \u00e0 d\u00e9velopper leur relation \u00e0 l\u2019autre, d\u00e9couvrir leur potentiel singulier et les conduire ensemble vers la responsabilisation et l\u2019autonomie.<\/li>\n<\/ul>\n<ul>\n<li><strong>Le deuil<\/strong> est la plus grande \u00e9preuve de vie qui m\u2019ait atteinte. L\u2019ineffable douleur, \u00e9prouv\u00e9e au plus profond de soi, ce cri muet qui d\u00e9chire les entrailles et dont on peut penser qu\u2019il n\u2019aura pas de fin. Mais je suis parvenue \u00e0 consid\u00e9rer cette \u00e9preuve comme une opportunit\u00e9\u00a0; celle d\u2019un r\u00e9el changement. \u00ab Naviguer dans les torrents \u00bb m\u2019a enseign\u00e9 le sens.\u00a0J\u2019ai pris le temps de sonder mes ressources afin de fa\u00e7onner une nouvelle route, de nouvelles perspectives.<br \/>\nCe travail est transposable. Au niveau de la perte d\u2019un proche, d\u2019une s\u00e9paration conjugale mais aussi lorsque l\u2019on d\u00e9cide de remplacer un comportement limitant par un autre, dans le domaine professionnel, lors d\u2019un licenciement par exemple ou d\u2019un burn-out.<br \/>\nLe travail de \u00ab\u00a0deuil\u00a0\u00bb n\u2019est pas uniquement li\u00e9 \u00e0 un d\u00e9c\u00e8s mais bien \u00e0 la lib\u00e9ration de nos attachements, de nos liens avec une personne, une situation, un emploi, un comportement ou une croyance et il offre une phase de reconstruction, de restructuration.<br \/>\nAinsi, je vous accompagne au changement, qu\u2019il soit personnel, relationnel ou organisationnel.<\/li>\n<\/ul>\n<ul>\n<li>9 changements d\u2019adresse en 11 ans, \u2026 \u00e7a d\u00e9m\u00e9nage\u00a0! M\u2019int\u00e9grer dans un quotidien sans rep\u00e8re a pu \u00eatre un vrai challenge parfois. Chaque changement a impliqu\u00e9 de m\u2019y adapter en acceptant d\u2019abord la fin d\u2019une situation puis en \u00e9voluant jusqu\u2019\u00e0 int\u00e9grer enti\u00e8rement ma nouvelle condition. Aussi ai-je \u00e0 c\u0153ur\u00a0<b>l\u2019int\u00e9gration et l\u2019insertion, sociale et professionnelle.\u00a0<\/b><\/li>\n<\/ul>\n<p>&nbsp;<\/p>\n<h2><b>Mon approche<\/b><\/h2>\n<p><i>\u00ab Les probl\u00e8mes auxquels nous sommes confront\u00e9s ne peuvent \u00eatre r\u00e9solus au niveau et avec la fa\u00e7on de penser qui les a engendr\u00e9s. \u00bb\u00a0<\/i><br \/>\n<b>Albert Einstein.<\/b><\/p>\n<p>\u2022 <b>Approche humaniste<\/b> : Les forces positives dont dispose l\u2019\u00eatre humain sont suffisantes pour \u00eatre acteur de son \u00e9volution, faire ses propres choix et les mettre en \u0153uvre.<br \/>\nMon objectif est de conduire mes clients vers davantage d\u2019autonomie, en les accompagnant \u00e0 d\u00e9couvrir leur potentiel, \u00e0 d\u00e9velopper leur capacit\u00e9 de faire des choix personnels, \u00e0 trouver leurs propres solutions par une meilleure connaissance d\u2019eux-m\u00eames et de leur fonctionnement propre.<\/p>\n<p>\u2022 <b>Le th\u00e9\u00e2tre<\/b>,\u00a0approche intuitive et ludique, originale et cr\u00e9ative, est d\u2019une rare efficacit\u00e9\u00a0:\u00a0il invite \u00e0 l\u2019action\u00a0!<\/p>\n<p>\u2022 <b>Autres techniques\u00a0et mod\u00e8les utilis\u00e9s<\/b> : La vision int\u00e9grale\u00a0de Ken Wilber (mod\u00e8le AQAL \/ spirale dynamique), analyse transactionnelle, PNL.<\/p>\n<p>&nbsp;<\/p>\n<p><span style=\"color: #e4007d;\"><b>Ubuntu Coaching adh\u00e8re au <u>code de d\u00e9ontologie<\/u> de l\u2019International Coaching F\u00e9d\u00e9ration.<\/b><\/span><\/p>\n<p><img loading=\"lazy\" decoding=\"async\" class=\"alignnone wp-image-402 size-full\" src=\"https:\/\/ubuntu-coaching.com\/wp-content\/uploads\/2018\/10\/pic-quisuisje2.png\" alt=\"\" width=\"170\" height=\"79\" \/><\/p>\n","protected":false},"excerpt":{"rendered":"<p>Un visage Coach\u00a0professionnelle certifi\u00e9e et accr\u00e9dit\u00e9e ICF, mon parcours de vie a pour d\u00e9nominateur commun le facteur humain. Je suis brevet\u00e9e du Cours Florent. Le th\u00e9\u00e2tre, que j\u2019ai pratiqu\u00e9 \u00e0 titre professionnel pendant 6 ans et demi, peut \u00eatre un outil pr\u00e9cieux de d\u00e9veloppement personnel. La dimension collective dans laquelle il s\u2019inscrit en fait sa &hellip; <\/p>\n<p class=\"link-more\"><a href=\"https:\/\/ubuntu-coaching.com\/index.php\/qui-suis-je\/\" class=\"more-link\">Continuer la lecture<span class=\"screen-reader-text\"> de &laquo;&nbsp;Qui suis-je ?&nbsp;&raquo;<\/span><\/a><\/p>\n","protected":false},"author":1,"featured_media":0,"parent":0,"menu_order":0,"comment_status":"closed","ping_status":"closed","template":"","meta":{"footnotes":""},"class_list":["post-89","page","type-page","status-publish","hentry"],"_links":{"self":[{"href":"https:\/\/ubuntu-coaching.com\/index.php\/wp-json\/wp\/v2\/pages\/89","targetHints":{"allow":["GET"]}}],"collection":[{"href":"https:\/\/ubuntu-coaching.com\/index.php\/wp-json\/wp\/v2\/pages"}],"about":[{"href":"https:\/\/ubuntu-coaching.com\/index.php\/wp-json\/wp\/v2\/types\/page"}],"author":[{"embeddable":true,"href":"https:\/\/ubuntu-coaching.com\/index.php\/wp-json\/wp\/v2\/users\/1"}],"replies":[{"embeddable":true,"href":"https:\/\/ubuntu-coaching.com\/index.php\/wp-json\/wp\/v2\/comments?post=89"}],"version-history":[{"count":13,"href":"https:\/\/ubuntu-coaching.com\/index.php\/wp-json\/wp\/v2\/pages\/89\/revisions"}],"predecessor-version":[{"id":474,"href":"https:\/\/ubuntu-coaching.com\/index.php\/wp-json\/wp\/v2\/pages\/89\/revisions\/474"}],"wp:attachment":[{"href":"https:\/\/ubuntu-coaching.com\/index.php\/wp-json\/wp\/v2\/media?parent=89"}],"curies":[{"name":"wp","href":"https:\/\/api.w.org\/{rel}","templated":true}]}}