{"id":94,"date":"2018-10-02T14:09:22","date_gmt":"2018-10-02T12:09:22","guid":{"rendered":"https:\/\/ubuntu-coaching.com\/?page_id=94"},"modified":"2018-10-19T09:46:19","modified_gmt":"2018-10-19T07:46:19","slug":"temoignages","status":"publish","type":"page","link":"https:\/\/ubuntu-coaching.com\/index.php\/temoignages\/","title":{"rendered":"T\u00e9moignages"},"content":{"rendered":"<p><em>\u00ab\u00a0B\u00e9n\u00e9dicte est intervenue aupr\u00e8s de notre r\u00e9seau regroupant des jeunes en d\u00e9marche d\u2019insertion sociale et professionnelle, auxquels est propos\u00e9 un accompagnement abordant de fait les freins rencontr\u00e9s, emp\u00eachant cette insertion.<\/em><br \/>\n<em>Des probl\u00e9matiques telles qu\u2019une faible estime de soi, l\u2019absence de confiance en soi, le manque de motivation,\u00a0une mauvaise hygi\u00e8ne de vie, la crainte de s\u2019ouvrir aux autres sont autant de difficult\u00e9s que B\u00e9n\u00e9dicte a su accueillir.<\/em><br \/>\n<em>En groupe, des ateliers ont permis aux jeunes de d\u00e9voiler leurs ambitions, leurs r\u00eaves, et mettre en avant leurs craintes et freins au travers d\u2019expressions diff\u00e9rentes (dessins, symboles, images\u2026), une mani\u00e8re d\u00e9tourn\u00e9e et moins violente d\u2019exprimer ses \u00e9motions pour des jeunes g\u00e9n\u00e9ralement sur la r\u00e9serve. D\u2019autres ateliers notamment de jeux de r\u00f4les ont \u00e9t\u00e9 propos\u00e9s afin de mettre les jeunes en situation, permettant de travailler sur les difficult\u00e9s rencontr\u00e9es et lib\u00e9rant parfois des blocages.<\/em><br \/>\n<em>Son approche, accessible, solaire, parfois m\u00eame th\u00e9\u00e2trale a apport\u00e9 de la l\u00e9g\u00e8ret\u00e9 et de la bonne humeur au groupe. Cela a permis la cr\u00e9ation d\u2019un lien de confiance avec les jeunes et de la coh\u00e9sion au sein du groupe.<\/em><br \/>\n<em>B\u00e9n\u00e9dicte a su s\u2019adapter \u00e0 la demande parfois cach\u00e9e des jeunes, fragiles, leur permettant de lib\u00e9rer leur parole.<\/em><br \/>\n<em>Enfin des actions mises en place pour certains en individuel leur ont permis de s\u2019essayer \u00e0 la vie, malgr\u00e9 leur peur de se mettre en danger.<\/em><br \/>\n<em>Une belle r\u00e9ussite, notamment pour l\u2019un d\u2019entre eux qui souhaitait approfondir son anglais pour son projet professionnel et qui est parti trois mois en Angleterre travailler dans une h\u00f4tel malgr\u00e9 des probl\u00e9matiques de stress et de b\u00e9gaiement. \u00bb<\/em><br \/>\n<strong>C\u00e9line, Service public de proximit\u00e9<\/strong><\/p>\n<p>&nbsp;<\/p>\n<p><em>\u00ab\u00a0Tu as su m\u2019accompagner au plus mal, perturb\u00e9e. Tu \u00e9coutes les \u00e9motions en profondeur. Tu \u00e9tais en partenariat avec moi et en pr\u00e9sence.\u00a0\u00bb<\/em><br \/>\n<strong>Isabelle, Coaching individuel<\/strong><\/p>\n<p>&nbsp;<\/p>\n<p><em>\u00ab\u00a0Coach au top pour notre \u00e9quipe, tu as une force pour rassembler. Ton leadership est inn\u00e9. Notre groupe est devenu une \u00e9quipe responsable. Merci pour cette coh\u00e9sion\u00a0!\u00a0\u00bb<\/em><br \/>\n<strong>Marie, Charg\u00e9e de relations publiques<\/strong><\/p>\n<p>&nbsp;<\/p>\n<p><em>\u00ab\u00a0Je me focalisais sur les objectifs \u00e0 atteindre au d\u00e9triment de mon \u00e9quipe. Ton accompagnement m\u2019a ouvert les yeux sur mon style de management et permis d\u2019adopter une nouvelle posture, plus souple et porteuse de sens pour moi, pour mon service et pour l\u2019organisation toute enti\u00e8re.\u00a0\u00bb<\/em><br \/>\n<strong>Jules, Secteur culturel<\/strong><\/p>\n<p>&nbsp;<\/p>\n<p><em>\u00ab Malgr\u00e9 25 ans de management, j\u2019avais encore du mal \u00e0 savoir bien communiquer mes attentes avec mon \u00e9quipe.\u00a0<i>Il restait des non-dits, qui au fil du temps, cr\u00e9aient un probl\u00e8me. Remercier, motiver, oui \u00e7a je sais, mais comment exprimer une insatisfaction, en rendant ceci moteur de changement\u2026 je ne savais pas. \u00c7a peut para\u00eetre \u00e9trange, mais travailler avec une \u00e9quipe stable depuis de nombreuses ann\u00e9es, rendait tout feedback d\u2019am\u00e9lioration complexe. J\u2019ai alors crois\u00e9 B\u00e9n\u00e9dicte et je me suis dit qu\u2019avec son humanit\u00e9, sa joie de vivre et ses postes de management, elle saurait m\u2019aider. Et je la remercie ici de son approche, humaine et sensible, qui m\u2019a permis de me rendre compte pour r\u00e9gler cette probl\u00e9matique, de la n\u00e9cessit\u00e9 de poser le cadre, de le rappeler, simplement, sans affect, sans embages et de savoir comment le faire. Et il ne m\u2019a pas fallut de multiples s\u00e9ances.\u00a0\u00bb<\/i><\/em><br \/>\n<strong>Gilles, Agence de communication<\/strong><\/p>\n<p>&nbsp;<\/p>\n<p>&nbsp;<\/p>\n<!--[if lt IE 9]><script>document.createElement('audio');<\/script><![endif]-->\n<audio class=\"wp-audio-shortcode\" id=\"audio-94-1\" loop autoplay preload=\"auto\" style=\"width: 100%;\" controls=\"controls\"><source type=\"audio\/mpeg\" src=\"https:\/\/ubuntu-coaching.com\/wp-content\/uploads\/2018\/10\/bande-son-ubuntu.mp3?_=1\" \/><a href=\"https:\/\/ubuntu-coaching.com\/wp-content\/uploads\/2018\/10\/bande-son-ubuntu.mp3\">https:\/\/ubuntu-coaching.com\/wp-content\/uploads\/2018\/10\/bande-son-ubuntu.mp3<\/a><\/audio>\n","protected":false},"excerpt":{"rendered":"<p>\u00ab\u00a0B\u00e9n\u00e9dicte est intervenue aupr\u00e8s de notre r\u00e9seau regroupant des jeunes en d\u00e9marche d\u2019insertion sociale et professionnelle, auxquels est propos\u00e9 un accompagnement abordant de fait les freins rencontr\u00e9s, emp\u00eachant cette insertion. Des probl\u00e9matiques telles qu\u2019une faible estime de soi, l\u2019absence de confiance en soi, le manque de motivation,\u00a0une mauvaise hygi\u00e8ne de vie, la crainte de s\u2019ouvrir &hellip; <\/p>\n<p class=\"link-more\"><a href=\"https:\/\/ubuntu-coaching.com\/index.php\/temoignages\/\" class=\"more-link\">Continuer la lecture<span class=\"screen-reader-text\"> de &laquo;&nbsp;T\u00e9moignages&nbsp;&raquo;<\/span><\/a><\/p>\n","protected":false},"author":1,"featured_media":0,"parent":0,"menu_order":0,"comment_status":"closed","ping_status":"closed","template":"","meta":{"footnotes":""},"class_list":["post-94","page","type-page","status-publish","hentry"],"_links":{"self":[{"href":"https:\/\/ubuntu-coaching.com\/index.php\/wp-json\/wp\/v2\/pages\/94","targetHints":{"allow":["GET"]}}],"collection":[{"href":"https:\/\/ubuntu-coaching.com\/index.php\/wp-json\/wp\/v2\/pages"}],"about":[{"href":"https:\/\/ubuntu-coaching.com\/index.php\/wp-json\/wp\/v2\/types\/page"}],"author":[{"embeddable":true,"href":"https:\/\/ubuntu-coaching.com\/index.php\/wp-json\/wp\/v2\/users\/1"}],"replies":[{"embeddable":true,"href":"https:\/\/ubuntu-coaching.com\/index.php\/wp-json\/wp\/v2\/comments?post=94"}],"version-history":[{"count":9,"href":"https:\/\/ubuntu-coaching.com\/index.php\/wp-json\/wp\/v2\/pages\/94\/revisions"}],"predecessor-version":[{"id":441,"href":"https:\/\/ubuntu-coaching.com\/index.php\/wp-json\/wp\/v2\/pages\/94\/revisions\/441"}],"wp:attachment":[{"href":"https:\/\/ubuntu-coaching.com\/index.php\/wp-json\/wp\/v2\/media?parent=94"}],"curies":[{"name":"wp","href":"https:\/\/api.w.org\/{rel}","templated":true}]}}